{"id":1321,"date":"2017-10-18T09:01:43","date_gmt":"2017-10-18T09:01:43","guid":{"rendered":"http:\/\/cavesmessias.pt\/?page_id=1321\/"},"modified":"2017-10-18T09:12:16","modified_gmt":"2017-10-18T09:12:16","slug":"our-reservas","status":"publish","type":"page","link":"https:\/\/www.cavesmessias.pt\/en\/wine-tourism\/our-reservas\/","title":{"rendered":"Our Reservas"},"content":{"rendered":"[vc_row][vc_column][mk_title_box size=&#8221;30&#8243; font_weight=&#8221;500&#8243; font_family=&#8221;none&#8221; align=&#8221;center&#8221;]Our Reservas[\/mk_title_box][vc_empty_space][\/vc_column][\/vc_row][vc_row][vc_column width=&#8221;1\/2&#8243;][vc_column_text css=&#8221;.vc_custom_1508317925897{margin-bottom: 0px !important;}&#8221;]<strong>Welcome<\/strong><br \/>\n<span id=\"result_box\" class=\"short_text\" lang=\"en\"><span class=\"\">Table of appetizers<\/span><\/span><br \/>\nMessias Mil\u00e9sime Grand Cuv\u00e9e Sparkling Wine<\/p>\n<p><strong><span style=\"text-decoration: underline;\">Cellar Tour<\/span><br \/>\n<\/strong><\/p>\n<p><strong>Starter<br \/>\n<\/strong>Creme de Legumes\/Cabidela de Leit\u00e3o<br \/>\nQta do Penedo White<\/p>\n<p><strong>Main Course<\/strong><br \/>\nLeit\u00e3o Assado \u00e0 Bairrada<br \/>\nVinhos de Quinta<br \/>\nQta do Cach\u00e3o Reserva\/Qta do Valdoeiro Reserva<\/p>\n<p><strong>Desserts<\/strong><br \/>\nDoce da Messias<br \/>\nPorto Messias 10 Years<br \/>\nCaf\u00e9[\/vc_column_text][\/vc_column][vc_column width=&#8221;1\/2&#8243; css=&#8221;.vc_custom_1506079146390{background-position: center !important;background-repeat: no-repeat !important;background-size: cover !important;}&#8221;][vc_single_image image=&#8221;724&#8243; img_size=&#8221;800&#215;356&#8243;][vc_column_text css=&#8221;.vc_custom_1508317177273{margin-bottom: 0px !important;}&#8221;]<strong>Price per Person: 40,00\u20ac (minimum 10 people)<\/strong><\/p>\n<p>Programs under previous appointment.<\/p>\n<p>Includes VAT at legal rate.<\/p>\n<p><strong>Contacts:<\/strong><br \/>\n+351 231 200 970 | <a href=\"mailto:enoturismo@cavesmessias.pt\">enoturismo@cavesmessias.pt<\/a>[\/vc_column_text][\/vc_column][\/vc_row]\n","protected":false},"excerpt":{"rendered":"<p>[vc_row][vc_column][mk_title_box size=&#8221;30&#8243; font_weight=&#8221;500&#8243; font_family=&#8221;none&#8221; align=&#8221;center&#8221;]Our Reservas[\/mk_title_box][vc_empty_space][\/vc_column][\/vc_row][vc_row][vc_column width=&#8221;1\/2&#8243;][vc_column_text css=&#8221;.vc_custom_1508317925897{margin-bottom: 0px !important;}&#8221;]Welcome Table of appetizers Messias Mil\u00e9sime Grand Cuv\u00e9e Sparkling Wine Cellar Tour Starter Creme de Legumes\/Cabidela de Leit\u00e3o Qta do Penedo White Main Course Leit\u00e3o Assado \u00e0 Bairrada Vinhos de Quinta Qta do Cach\u00e3o Reserva\/Qta do Valdoeiro Reserva Desserts Doce da Messias Porto Messias 10 Years [&hellip;]<\/p>\n","protected":false},"author":9,"featured_media":0,"parent":1316,"menu_order":0,"comment_status":"closed","ping_status":"closed","template":"","meta":{"footnotes":""},"class_list":["post-1321","page","type-page","status-publish","hentry"],"_links":{"self":[{"href":"https:\/\/www.cavesmessias.pt\/en\/wp-json\/wp\/v2\/pages\/1321","targetHints":{"allow":["GET"]}}],"collection":[{"href":"https:\/\/www.cavesmessias.pt\/en\/wp-json\/wp\/v2\/pages"}],"about":[{"href":"https:\/\/www.cavesmessias.pt\/en\/wp-json\/wp\/v2\/types\/page"}],"author":[{"embeddable":true,"href":"https:\/\/www.cavesmessias.pt\/en\/wp-json\/wp\/v2\/users\/9"}],"replies":[{"embeddable":true,"href":"https:\/\/www.cavesmessias.pt\/en\/wp-json\/wp\/v2\/comments?post=1321"}],"version-history":[{"count":2,"href":"https:\/\/www.cavesmessias.pt\/en\/wp-json\/wp\/v2\/pages\/1321\/revisions"}],"predecessor-version":[{"id":1329,"href":"https:\/\/www.cavesmessias.pt\/en\/wp-json\/wp\/v2\/pages\/1321\/revisions\/1329"}],"up":[{"embeddable":true,"href":"https:\/\/www.cavesmessias.pt\/en\/wp-json\/wp\/v2\/pages\/1316"}],"wp:attachment":[{"href":"https:\/\/www.cavesmessias.pt\/en\/wp-json\/wp\/v2\/media?parent=1321"}],"curies":[{"name":"wp","href":"https:\/\/api.w.org\/{rel}","templated":true}]}}