{"id":1323,"date":"2017-10-18T09:04:28","date_gmt":"2017-10-18T09:04:28","guid":{"rendered":"http:\/\/cavesmessias.pt\/?page_id=1323\/"},"modified":"2017-10-18T09:04:28","modified_gmt":"2017-10-18T09:04:28","slug":"our-premium","status":"publish","type":"page","link":"https:\/\/www.cavesmessias.pt\/en\/wine-tourism\/our-premium\/","title":{"rendered":"Our Premium"},"content":{"rendered":"[vc_row][vc_column][mk_title_box size=&#8221;30&#8243; font_weight=&#8221;500&#8243; font_family=&#8221;none&#8221; align=&#8221;center&#8221;]Our Premium[\/mk_title_box][vc_empty_space][\/vc_column][\/vc_row][vc_row][vc_column width=&#8221;1\/2&#8243;][vc_column_text css=&#8221;.vc_custom_1508317455466{margin-bottom: 0px !important;}&#8221;]<strong>Welcome<\/strong><br \/>\n<span id=\"result_box\" class=\"short_text\" lang=\"en\"><span class=\"\">Table of appetizers<\/span><\/span><br \/>\nQta Valdoeiro Baga Chardonnay Sparkling Wine<\/p>\n<p><strong><span style=\"text-decoration: underline;\">Cellar Tour<\/span><\/strong><\/p>\n<p><strong>Starter<br \/>\n<\/strong>Creme de Legumes\/Cabidela de Leit\u00e3o<br \/>\nQta do Valdoeiro Reserva White<\/p>\n<p><strong>Main Course<\/strong><br \/>\nLeit\u00e3o Assado \u00e0 Bairrada<br \/>\nPremium Wines<br \/>\nTriunvirato or Bairrada Messias Cl\u00e1ssico or Douro Messias Sta B\u00e1rbara<\/p>\n<p><strong>Desserts<\/strong><br \/>\nDoce da Messias<br \/>\nPorto Messias Colheita<br \/>\nCaf\u00e9[\/vc_column_text][\/vc_column][vc_column width=&#8221;1\/2&#8243; css=&#8221;.vc_custom_1506079146390{background-position: center !important;background-repeat: no-repeat !important;background-size: cover !important;}&#8221;][vc_single_image image=&#8221;742&#8243; img_size=&#8221;800&#215;356&#8243;][vc_column_text css=&#8221;.vc_custom_1508317362267{margin-bottom: 0px !important;}&#8221;]<strong>Price per Person: 45,00\u20ac (minimum 10 people)<\/strong><\/p>\n<p>Programs under previous appointment.<\/p>\n<p>Includes VAT at legal rate.<\/p>\n<p><strong>Contacts:<\/strong><br \/>\n+351 231 200 970 | <a href=\"mailto:enoturismo@cavesmessias.pt\">enoturismo@cavesmessias.pt<\/a>[\/vc_column_text][\/vc_column][\/vc_row]\n","protected":false},"excerpt":{"rendered":"<p>[vc_row][vc_column][mk_title_box size=&#8221;30&#8243; font_weight=&#8221;500&#8243; font_family=&#8221;none&#8221; align=&#8221;center&#8221;]Our Premium[\/mk_title_box][vc_empty_space][\/vc_column][\/vc_row][vc_row][vc_column width=&#8221;1\/2&#8243;][vc_column_text css=&#8221;.vc_custom_1508317455466{margin-bottom: 0px !important;}&#8221;]Welcome Table of appetizers Qta Valdoeiro Baga Chardonnay Sparkling Wine Cellar Tour Starter Creme de Legumes\/Cabidela de Leit\u00e3o Qta do Valdoeiro Reserva White Main Course Leit\u00e3o Assado \u00e0 Bairrada Premium Wines Triunvirato or Bairrada Messias Cl\u00e1ssico or Douro Messias Sta B\u00e1rbara Desserts Doce da Messias Porto [&hellip;]<\/p>\n","protected":false},"author":9,"featured_media":0,"parent":1316,"menu_order":0,"comment_status":"closed","ping_status":"closed","template":"","meta":{"footnotes":""},"class_list":["post-1323","page","type-page","status-publish","hentry"],"_links":{"self":[{"href":"https:\/\/www.cavesmessias.pt\/en\/wp-json\/wp\/v2\/pages\/1323","targetHints":{"allow":["GET"]}}],"collection":[{"href":"https:\/\/www.cavesmessias.pt\/en\/wp-json\/wp\/v2\/pages"}],"about":[{"href":"https:\/\/www.cavesmessias.pt\/en\/wp-json\/wp\/v2\/types\/page"}],"author":[{"embeddable":true,"href":"https:\/\/www.cavesmessias.pt\/en\/wp-json\/wp\/v2\/users\/9"}],"replies":[{"embeddable":true,"href":"https:\/\/www.cavesmessias.pt\/en\/wp-json\/wp\/v2\/comments?post=1323"}],"version-history":[{"count":1,"href":"https:\/\/www.cavesmessias.pt\/en\/wp-json\/wp\/v2\/pages\/1323\/revisions"}],"predecessor-version":[{"id":1324,"href":"https:\/\/www.cavesmessias.pt\/en\/wp-json\/wp\/v2\/pages\/1323\/revisions\/1324"}],"up":[{"embeddable":true,"href":"https:\/\/www.cavesmessias.pt\/en\/wp-json\/wp\/v2\/pages\/1316"}],"wp:attachment":[{"href":"https:\/\/www.cavesmessias.pt\/en\/wp-json\/wp\/v2\/media?parent=1323"}],"curies":[{"name":"wp","href":"https:\/\/api.w.org\/{rel}","templated":true}]}}