{"id":1327,"date":"2017-10-18T09:10:27","date_gmt":"2017-10-18T09:10:27","guid":{"rendered":"http:\/\/cavesmessias.pt\/?page_id=1327\/"},"modified":"2017-12-18T16:05:58","modified_gmt":"2017-12-18T16:05:58","slug":"tasting-ii","status":"publish","type":"page","link":"https:\/\/www.cavesmessias.pt\/en\/wine-tourism\/tasting-ii\/","title":{"rendered":"Tasting II"},"content":{"rendered":"[vc_row][vc_column][mk_title_box size=&#8221;30&#8243; font_weight=&#8221;500&#8243; font_family=&#8221;none&#8221; align=&#8221;center&#8221;]Tasting II[\/mk_title_box][vc_empty_space][\/vc_column][\/vc_row][vc_row][vc_column width=&#8221;1\/2&#8243;][vc_column_text css=&#8221;.vc_custom_1508317817507{margin-bottom: 0px !important;}&#8221;]<strong>Includes:<\/strong><br \/>\nD\u00e3o Quinta do Penedo White<br \/>\nD\u00e3o Quinta do Penedo Red<br \/>\nDouro Quinta do Cach\u00e3o Reserva Red<br \/>\nBairrada Messias Sparkling Wine Mil\u00e9sime<br \/>\nVinho do Porto Messias 10 Years[\/vc_column_text][\/vc_column][vc_column width=&#8221;1\/2&#8243; css=&#8221;.vc_custom_1506079146390{background-position: center !important;background-repeat: no-repeat !important;background-size: cover !important;}&#8221;][vc_single_image image=&#8221;2651&#8243; img_size=&#8221;800&#215;356&#8243;][vc_column_text css=&#8221;.vc_custom_1508317770072{margin-bottom: 0px !important;}&#8221;]<strong>Price per person: 10,00\u20ac<br \/>\n<\/strong><\/p>\n<p>Programs under previous appointment.<\/p>\n<p>Minimum of participants \u2013 8 people.<\/p>\n<p>Includes VAT at legal rate.<\/p>\n<p><strong>Contacts:<\/strong><br \/>\n+351 231 200 970 | <a href=\"mailto:enoturismo@cavesmessias.pt\">enoturismo@cavesmessias.pt<\/a>[\/vc_column_text][\/vc_column][\/vc_row]\n","protected":false},"excerpt":{"rendered":"<p>[vc_row][vc_column][mk_title_box size=&#8221;30&#8243; font_weight=&#8221;500&#8243; font_family=&#8221;none&#8221; align=&#8221;center&#8221;]Tasting II[\/mk_title_box][vc_empty_space][\/vc_column][\/vc_row][vc_row][vc_column width=&#8221;1\/2&#8243;][vc_column_text css=&#8221;.vc_custom_1508317817507{margin-bottom: 0px !important;}&#8221;]Includes: D\u00e3o Quinta do Penedo White D\u00e3o Quinta do Penedo Red Douro Quinta do Cach\u00e3o Reserva Red Bairrada Messias Sparkling Wine Mil\u00e9sime Vinho do Porto Messias 10 Years[\/vc_column_text][\/vc_column][vc_column width=&#8221;1\/2&#8243; css=&#8221;.vc_custom_1506079146390{background-position: center !important;background-repeat: no-repeat !important;background-size: cover !important;}&#8221;][vc_single_image image=&#8221;2651&#8243; img_size=&#8221;800&#215;356&#8243;][vc_column_text css=&#8221;.vc_custom_1508317770072{margin-bottom: 0px !important;}&#8221;]Price per person: 10,00\u20ac Programs under [&hellip;]<\/p>\n","protected":false},"author":9,"featured_media":0,"parent":1316,"menu_order":0,"comment_status":"closed","ping_status":"closed","template":"","meta":{"footnotes":""},"class_list":["post-1327","page","type-page","status-publish","hentry"],"_links":{"self":[{"href":"https:\/\/www.cavesmessias.pt\/en\/wp-json\/wp\/v2\/pages\/1327","targetHints":{"allow":["GET"]}}],"collection":[{"href":"https:\/\/www.cavesmessias.pt\/en\/wp-json\/wp\/v2\/pages"}],"about":[{"href":"https:\/\/www.cavesmessias.pt\/en\/wp-json\/wp\/v2\/types\/page"}],"author":[{"embeddable":true,"href":"https:\/\/www.cavesmessias.pt\/en\/wp-json\/wp\/v2\/users\/9"}],"replies":[{"embeddable":true,"href":"https:\/\/www.cavesmessias.pt\/en\/wp-json\/wp\/v2\/comments?post=1327"}],"version-history":[{"count":2,"href":"https:\/\/www.cavesmessias.pt\/en\/wp-json\/wp\/v2\/pages\/1327\/revisions"}],"predecessor-version":[{"id":2655,"href":"https:\/\/www.cavesmessias.pt\/en\/wp-json\/wp\/v2\/pages\/1327\/revisions\/2655"}],"up":[{"embeddable":true,"href":"https:\/\/www.cavesmessias.pt\/en\/wp-json\/wp\/v2\/pages\/1316"}],"wp:attachment":[{"href":"https:\/\/www.cavesmessias.pt\/en\/wp-json\/wp\/v2\/media?parent=1327"}],"curies":[{"name":"wp","href":"https:\/\/api.w.org\/{rel}","templated":true}]}}