{"id":4977,"date":"2021-03-21T01:20:01","date_gmt":"2021-03-21T01:20:01","guid":{"rendered":"https:\/\/www.cavesmessias.pt\/?post_type=product&#038;p=4977"},"modified":"2021-03-21T17:05:50","modified_gmt":"2021-03-21T17:05:50","slug":"porto-messias-limited-edition-1991","status":"publish","type":"product","link":"https:\/\/www.cavesmessias.pt\/en\/produtos\/porto-wines-en\/limited-edition-en\/porto-messias-limited-edition-1991\/","title":{"rendered":"Porto Messias Limited Edition 1991"},"content":{"rendered":"[vc_row][vc_column width=&#8221;1\/2&#8243;][vc_single_image image=&#8221;4739&#8243; img_size=&#8221;345&#215;704&#8243; alignment=&#8221;center&#8221;][vc_row_inner][vc_column_inner][vc_custom_heading text=&#8221; &#8221; font_container=&#8221;tag:h2|font_size:25|text_align:center|color:%23000000&#8243; google_fonts=&#8221;font_family:Cinzel%3Aregular%2C700%2C900|font_style:400%20regular%3A400%3Anormal&#8221;][vc_column_text css=&#8221;.vc_custom_1510771115811{margin-bottom: 0px !important;}&#8221;]\n<p style=\"text-align: center; font-size: 15px;\">\n[\/vc_column_text][\/vc_column_inner][\/vc_row_inner][\/vc_column][vc_column width=&#8221;1\/2&#8243; css=&#8221;.vc_custom_1504520339605{background-color: #f7f7f7 !important;}&#8221;][vc_empty_space height=&#8221;22px&#8221;][vc_custom_heading text=&#8221;Porto Messias Limited Edition 1991&#8243; font_container=&#8221;tag:h2|font_size:30|text_align:left|color:%23000000&#8243; google_fonts=&#8221;font_family:Cinzel%3Aregular%2C700%2C900|font_style:400%20regular%3A400%3Anormal&#8221;][vc_column_text css=&#8221;.vc_custom_1507738189901{margin-bottom: 0px !important;}&#8221;]<strong>DESCRI\u00c7\u00c3O<\/strong><br \/>\nVinho\u00a0<span style=\"font-size: inherit;\">alourado claro, com aromas terci\u00e1rios complexos e muito finos, com notas frutos secos e especiarias dando-nos um bouquet elegante, harmonioso e nobre. Na boca \u00e9 potente e com harmoniosos aromas rectronasais dando-nos um final de boca prolongado<\/span><span style=\"font-size: inherit;\">.<\/span><\/p>\n<p><strong>REGI\u00c3O<\/strong><br \/>\nDemarcada do Douro<\/p>\n<p><strong>SOLO<\/strong><br \/>\nXistoso<\/p>\n<p><strong>GRADUA\u00c7\u00c3O ALCO\u00d3LICA<\/strong><br \/>\n20,0 % vol<\/p>\n<p><strong>ACIDEZ TOTAL<br \/>\n<\/strong>4,72 g\/l em \u00e1cido tart\u00e1rico<\/p>\n<p><strong>A\u00c7\u00daCAR RESIDUAL<\/strong><br \/>\n112,6 g\/l<\/p>\n<p><strong>PROCESSO DE VINIFICA\u00c7\u00c3O<br \/>\n<\/strong>Vinho\u00a0<span style=\"font-size: inherit;\">fermentado com desengace parcial a uma temperatura controlada (24-28\u00baC) quando o mosto atinge o valor de do\u00e7ura pretendido, a fermenta\u00e7\u00e3o \u00e9 interrompida pela adi\u00e7\u00e3o de aguardente (77%), estagiando posteriormente em madeira de carvalho durante um per\u00edodo m\u00ednimo de 7 anos, nos armaz\u00e9ns em Vila Nova de Gaia at\u00e9 ser\u00a0<\/span><span style=\"font-size: inherit;\">engarrafado<\/span><span style=\"font-size: inherit;\">.[\/vc_column_text][vc_empty_space height=&#8221;25px&#8221;][vc_row_inner el_class=&#8221;icons-title&#8221;][vc_column_inner width=&#8221;1\/3&#8243;][mk_icon_box2 icon_type=&#8221;image&#8221; icon_size=&#8221;32&#8243; icon_image=&#8221;http:\/\/cavesmessias.pt\/wp-content\/uploads\/2017\/08\/envelhecimento-1.png&#8221;][\/mk_icon_box2][vc_column_text align=&#8221;center&#8221; css=&#8221;.vc_custom_1505639055720{margin-bottom: 0px !important;}&#8221;]<\/span><\/p>\n<h2>POTENCIAL DE ENVELHECIMENTO<\/h2>\n<p>Beber\/Guardar[\/vc_column_text][\/vc_column_inner][vc_column_inner width=&#8221;1\/3&#8243;][mk_icon_box2 icon_type=&#8221;image&#8221; icon_size=&#8221;32&#8243; icon_image=&#8221;http:\/\/cavesmessias.pt\/wp-content\/uploads\/2017\/08\/castas-1.png&#8221;][\/mk_icon_box2][vc_column_text align=&#8221;center&#8221; css=&#8221;.vc_custom_1507734553008{margin-bottom: 0px !important;}&#8221;]\n<h2>CASTAS<\/h2>\n<p>Touriga Nacional<br \/>\nTouriga Franca<br \/>\nTinta Barroca<br \/>\nTinta Roriz<br \/>\nTinto C\u00e3o[\/vc_column_text][\/vc_column_inner][vc_column_inner width=&#8221;1\/3&#8243;][mk_icon_box2 icon_type=&#8221;image&#8221; icon_size=&#8221;32&#8243; icon_image=&#8221;http:\/\/cavesmessias.pt\/wp-content\/uploads\/2017\/08\/temperatura-1.png&#8221;][\/mk_icon_box2][vc_column_text align=&#8221;center&#8221; css=&#8221;.vc_custom_1505639068244{margin-bottom: 0px !important;}&#8221;]\n<h2>TEMPERATURA A SERVIR<\/h2>\n<p>10-12 \u00baC[\/vc_column_text][\/vc_column_inner][\/vc_row_inner][vc_empty_space height=&#8221;25px&#8221;][vc_btn title=&#8221;DOWNLOAD FICHA T\u00c9CNICA&#8221; style=&#8221;custom&#8221; custom_background=&#8221;#dddddd&#8221; custom_text=&#8221;#666666&#8243; shape=&#8221;square&#8221; size=&#8221;lg&#8221; align=&#8221;center&#8221; el_class=&#8221;button-detail-product&#8221; link=&#8221;url:%2Fwp-content%2Fuploads%2F2021%2F03%2F912109_porto_messias_limited_edition_1991_ft_pt.pdf||target:%20_blank|&#8221;][\/vc_column][\/vc_row]\n","protected":false},"excerpt":{"rendered":"<p>&nbsp;<\/p>\n<p><script src=\"safari-extension:\/\/com.ebay.safari.myebaymanager-QYHMMGCMJR\/d964b56f\/background\/helpers\/prefilterHelper.js\" type=\"text\/javascript\"><\/script><script src=\"safari-extension:\/\/com.ebay.safari.myebaymanager-QYHMMGCMJR\/d964b56f\/background\/helpers\/prefilterHelper.js\" type=\"text\/javascript\"><\/script><\/p>\n","protected":false},"featured_media":4740,"comment_status":"open","ping_status":"closed","template":"","meta":[],"product_brand":[],"product_cat":[129,67],"product_tag":[85],"class_list":{"0":"post-4977","1":"product","2":"type-product","3":"status-publish","4":"has-post-thumbnail","6":"product_cat-limited-edition-en","7":"product_cat-porto-wines-en","8":"product_tag-messias-en","10":"first","11":"instock","12":"taxable","13":"shipping-taxable","14":"product-type-simple"},"_links":{"self":[{"href":"https:\/\/www.cavesmessias.pt\/en\/wp-json\/wp\/v2\/product\/4977","targetHints":{"allow":["GET"]}}],"collection":[{"href":"https:\/\/www.cavesmessias.pt\/en\/wp-json\/wp\/v2\/product"}],"about":[{"href":"https:\/\/www.cavesmessias.pt\/en\/wp-json\/wp\/v2\/types\/product"}],"replies":[{"embeddable":true,"href":"https:\/\/www.cavesmessias.pt\/en\/wp-json\/wp\/v2\/comments?post=4977"}],"wp:featuredmedia":[{"embeddable":true,"href":"https:\/\/www.cavesmessias.pt\/en\/wp-json\/wp\/v2\/media\/4740"}],"wp:attachment":[{"href":"https:\/\/www.cavesmessias.pt\/en\/wp-json\/wp\/v2\/media?parent=4977"}],"wp:term":[{"taxonomy":"product_brand","embeddable":true,"href":"https:\/\/www.cavesmessias.pt\/en\/wp-json\/wp\/v2\/product_brand?post=4977"},{"taxonomy":"product_cat","embeddable":true,"href":"https:\/\/www.cavesmessias.pt\/en\/wp-json\/wp\/v2\/product_cat?post=4977"},{"taxonomy":"product_tag","embeddable":true,"href":"https:\/\/www.cavesmessias.pt\/en\/wp-json\/wp\/v2\/product_tag?post=4977"}],"curies":[{"name":"wp","href":"https:\/\/api.w.org\/{rel}","templated":true}]}}